{"id":550,"date":"2014-09-15T13:43:54","date_gmt":"2014-09-15T13:43:54","guid":{"rendered":"https:\/\/demos.artbees.net\/jupiter\/praxidike\/?page_id=550"},"modified":"2020-02-26T16:25:11","modified_gmt":"2020-02-26T16:25:11","slug":"paquete-completo","status":"publish","type":"page","link":"https:\/\/calcetinesexpress.com\/en\/paquete-completo\/","title":{"rendered":"COMPLETE PACKAGE"},"content":{"rendered":"<section class=\"vc_section vc_custom_1575037009500 vc_section-has-fill\">\n<div  data-mk-stretch-content=\"true\" class=\"wpb_row vc_row vc_row-fluid jupiter-donut- mk-fullwidth-false  attched-false     js-master-row  mk-grid\">\n\t\t\t\t\n<div class=\"vc_col-sm-12 wpb_column column_container  jupiter-donut- _ jupiter-donut-height-full\">\n\t\t<div class=\" vc_custom_1575037878394\">\n\n<div id=\"text-block-2\" class=\"mk-text-block  jupiter-donut- \">\n\n\t\n\t<h1><span style=\"color: #ffffff;\">Paquete Completo<\/span><\/h1>\n\n\t<div class=\"clearboth\"><\/div>\n<\/div>\n\n\t<\/div>\n<\/div>\n\t<\/div>\n<\/section><section class=\"vc_section\">\n<div  data-mk-stretch-content=\"true\" class=\"wpb_row vc_row vc_row-fluid jupiter-donut- mk-fullwidth-false  attched-false     js-master-row  mk-grid\">\n\t\t\t\t\n<div class=\"vc_col-sm-4 vc_col-lg-offset-4\/5 vc_col-lg-4\/5 vc_col-md-offset-4\/5 vc_col-xs-offset-12 vc_col-xs-12 wpb_column column_container  jupiter-donut- _ jupiter-donut-height-full\">\n\t<\/div>\n\t<\/div>\n<\/section><section class=\"vc_section\">\n<div  data-mk-stretch-content=\"true\" class=\"wpb_row vc_row vc_row-fluid jupiter-donut- mk-fullwidth-false  attched-false     js-master-row  mk-grid\">\n\t\t\t\t\n<div class=\"vc_col-sm-6 wpb_column column_container  jupiter-donut- _ jupiter-donut-height-full\">\n\t<div class=\"vc_separator wpb_content_element vc_separator_align_center vc_sep_width_100 vc_sep_pos_align_center vc_separator_no_text vc_sep_color_grey vc_custom_1575034138684  vc_custom_1575034138684\" ><span class=\"vc_sep_holder vc_sep_holder_l\"><span  class=\"vc_sep_line\"><\/span><\/span><span class=\"vc_sep_holder vc_sep_holder_r\"><span  class=\"vc_sep_line\"><\/span><\/span>\n<\/div>\t<div class=\" vc_custom_1575037459275\">\n\n<div id=\"text-block-5\" class=\"mk-text-block  mk-animate-element left-to-right  jupiter-donut- \">\n\n\t\n\t<p>En calcetines Express prestamos el servicio de Paquete Completo a marcas Nacionales e<br \/>\nInternacionales, desarrollamos tus productos a la medida.<\/p>\n<p>Estamos comprometidos con la satisfacci\u00f3n permanente de las necesidades particulares<br \/>\nde nuestros clientes; para ello contamos con un equipo de dise\u00f1o y desarrollo de muestras<br \/>\naltamente calificado, que participa activamente en la investigaci\u00f3n de tendencias y tecnolog\u00eda<br \/>\npara la creaci\u00f3n de nuevos productos.<\/p>\n\n\t<div class=\"clearboth\"><\/div>\n<\/div>\n\n\t<\/div>\n<\/div>\n\n<div class=\"vc_col-sm-6 wpb_column column_container  jupiter-donut- _ jupiter-donut-height-full\">\n\t<div  class=\"mk-image mk-image-7 jupiter-donut-  align-center  mk-animate-element scale-up simple-frame inside-image \" style=\"margin-bottom:10px\"><div class=\"mk-image-container\" style=\"max-width: 523px;\"><div  class=\"mk-image-holder\" style=\"max-width: 523px;\"><div class=\"mk-image-inner  \"><img loading=\"lazy\" decoding=\"async\" class=\"lightbox-false\" alt=\"Paquete Completo\" title=\"Paquete Completo\" width=\"523\" height=\"400\" src=\"https:\/\/calcetinesexpress.com\/wp-content\/uploads\/bfi_thumb\/img_20191129_074026-ohfmn0dbzoa68k4trqfbelmfyyp7wdb66657wrtu1s.jpg\" \/><\/div><\/div><div class=\"clearboth\"><\/div><\/div><\/div><\/div>\n\t<\/div>\n\n<div  data-mk-stretch-content=\"true\" class=\"wpb_row vc_row vc_row-fluid jupiter-donut- mk-fullwidth-false  attched-false     js-master-row  mk-grid\">\n\t\t\t\t\n<div class=\"vc_col-sm-6 wpb_column column_container  jupiter-donut- _ jupiter-donut-height-full\">\n\t<div class=\"wpb_video_widget  jupiter-donut-\">\n\t<div class=\"wpb_wrapper\" style=\"max-width:1000px\">\n\t\t\t\t<div id=\"video-container-9\" class=\"video-container \" data-id=\"9\" data-source=\"social_hosted\" data-autoplay=\"0\" data-loop=\"0\" data-target=\"lightbox\" itemprop=\"video\" itemtype=\"https:\/\/schema.org\/VideoObject\" >\n\t\t\t<div id=\"video-player-9\" class=\"video-player\">\n\t\t\t<iframe loading=\"lazy\" id=\"iframe-player-9\" data-id=\"9\" title=\"Proceso de producci\u00f3n Calcetines Express\" width=\"1140\" height=\"641\" src=\"https:\/\/www.youtube.com\/embed\/y6Y1acr5UPc?feature=oembed\" frameborder=\"0\" allow=\"accelerometer; autoplay; encrypted-media; gyroscope; picture-in-picture\" allowfullscreen><\/iframe>\t\t\t<\/div>\n\t\t\t\t\t<\/div>\n\t<\/div>\n<\/div>\n<div class=\"vc_separator wpb_content_element vc_separator_align_center vc_sep_width_100 vc_sep_pos_align_center vc_separator_no_text vc_sep_color_grey\" ><span class=\"vc_sep_holder vc_sep_holder_l\"><span  class=\"vc_sep_line\"><\/span><\/span><span class=\"vc_sep_holder vc_sep_holder_r\"><span  class=\"vc_sep_line\"><\/span><\/span>\n<\/div><\/div>\n\n<div class=\"vc_col-sm-6 wpb_column column_container  jupiter-donut- _ jupiter-donut-height-full\">\n\t<div class=\"vc_separator wpb_content_element vc_separator_align_center vc_sep_width_100 vc_sep_pos_align_center vc_separator_no_text vc_sep_color_grey vc_custom_1575035219730  vc_custom_1575035219730\" ><span class=\"vc_sep_holder vc_sep_holder_l\"><span  class=\"vc_sep_line\"><\/span><\/span><span class=\"vc_sep_holder vc_sep_holder_r\"><span  class=\"vc_sep_line\"><\/span><\/span>\n<\/div>\t<div class=\" vc_custom_1575037564779\">\n\n<div id=\"text-block-11\" class=\"mk-text-block  mk-animate-element right-to-left  jupiter-donut- \">\n\n\t\n\t<p>Nuestra tecnolog\u00eda de punta, nuestro personal y los mejores proveedores,<br \/>\nnos permite garantizar una producci\u00f3n excelente con un alto nivel de calidad.<\/p>\n<p>Con una capacidad productiva para cumplir con las necesidades y est\u00e1ndares<br \/>\nde cada cliente.<br \/>\nPara mayor informaci\u00f3n, cont\u00e1ctanos y te asesoramos desde el inicio de tu<br \/>\nnecesidad\u2026<\/p>\n\n\t<div class=\"clearboth\"><\/div>\n<\/div>\n\n\t<\/div>\n<\/div>\n\t<\/div>\n\n<div  data-mk-stretch-content=\"true\" class=\"wpb_row vc_row vc_row-fluid jupiter-donut- mk-fullwidth-false  attched-false     js-master-row  mk-grid\">\n\t\t\t\t\n<div class=\"vc_col-sm-12 wpb_column column_container  jupiter-donut- _ jupiter-donut-height-full\">\n\t<\/div>\n\t<\/div>\n<\/section>\n<div  data-mk-stretch-content=\"true\" class=\"wpb_row vc_row vc_row-fluid jupiter-donut- mk-fullwidth-false  attched-false     js-master-row  mk-grid\">\n\t\t\t\t\n<div class=\"vc_col-sm-12 wpb_column column_container  jupiter-donut- _ jupiter-donut-height-full\">\n\t<div class=\"wpb_images_carousel wpb_content_element vc_clearfix\"><div class=\"wpb_wrapper\"><div id=\"vc_images-carousel-1-1777399285\" data-ride=\"vc_carousel\" data-wrap=\"false\" style=\"width: 100%;\" data-interval=\"0\" data-auto-height=\"yes\" data-mode=\"horizontal\" data-partial=\"false\" data-per-view=\"3\" data-hide-on-end=\"true\" class=\"vc_slide vc_images_carousel\"><div class=\"vc_carousel-inner\"><div class=\"vc_carousel-slideline\"><div class=\"vc_carousel-slideline-inner\"><div class=\"vc_item\"><div class=\"vc_inner\"><a class=\"prettyphoto\" href=\"https:\/\/calcetinesexpress.com\/wp-content\/uploads\/2020\/02\/16-1024x1024.jpg\" data-rel=\"prettyPhoto[rel-550-1749858288]\"><img loading=\"lazy\" decoding=\"async\" width=\"1500\" height=\"1500\" src=\"https:\/\/calcetinesexpress.com\/wp-content\/uploads\/2020\/02\/16.jpg\" class=\"attachment-full\" alt=\"\" srcset=\"https:\/\/calcetinesexpress.com\/wp-content\/uploads\/2020\/02\/16.jpg 1500w, https:\/\/calcetinesexpress.com\/wp-content\/uploads\/2020\/02\/16-150x150.jpg 150w, https:\/\/calcetinesexpress.com\/wp-content\/uploads\/2020\/02\/16-300x300.jpg 300w, https:\/\/calcetinesexpress.com\/wp-content\/uploads\/2020\/02\/16-768x768.jpg 768w, https:\/\/calcetinesexpress.com\/wp-content\/uploads\/2020\/02\/16-1024x1024.jpg 1024w, https:\/\/calcetinesexpress.com\/wp-content\/uploads\/2020\/02\/16-600x600.jpg 600w, https:\/\/calcetinesexpress.com\/wp-content\/uploads\/2020\/02\/16-100x100.jpg 100w\" sizes=\"(max-width: 1500px) 100vw, 1500px\" itemprop=\"image\" \/><\/a><\/div><\/div><div class=\"vc_item\"><div class=\"vc_inner\"><a class=\"prettyphoto\" href=\"https:\/\/calcetinesexpress.com\/wp-content\/uploads\/2020\/02\/1-1024x1024.jpg\" data-rel=\"prettyPhoto[rel-550-1749858288]\"><img loading=\"lazy\" decoding=\"async\" width=\"1500\" height=\"1500\" src=\"https:\/\/calcetinesexpress.com\/wp-content\/uploads\/2020\/02\/1.jpg\" class=\"attachment-full\" alt=\"\" srcset=\"https:\/\/calcetinesexpress.com\/wp-content\/uploads\/2020\/02\/1.jpg 1500w, https:\/\/calcetinesexpress.com\/wp-content\/uploads\/2020\/02\/1-150x150.jpg 150w, https:\/\/calcetinesexpress.com\/wp-content\/uploads\/2020\/02\/1-300x300.jpg 300w, https:\/\/calcetinesexpress.com\/wp-content\/uploads\/2020\/02\/1-768x768.jpg 768w, https:\/\/calcetinesexpress.com\/wp-content\/uploads\/2020\/02\/1-1024x1024.jpg 1024w, https:\/\/calcetinesexpress.com\/wp-content\/uploads\/2020\/02\/1-600x600.jpg 600w, https:\/\/calcetinesexpress.com\/wp-content\/uploads\/2020\/02\/1-100x100.jpg 100w\" sizes=\"(max-width: 1500px) 100vw, 1500px\" itemprop=\"image\" \/><\/a><\/div><\/div><div class=\"vc_item\"><div class=\"vc_inner\"><a class=\"prettyphoto\" href=\"https:\/\/calcetinesexpress.com\/wp-content\/uploads\/2020\/02\/3-1024x1024.jpg\" data-rel=\"prettyPhoto[rel-550-1749858288]\"><img loading=\"lazy\" decoding=\"async\" width=\"1500\" height=\"1500\" src=\"https:\/\/calcetinesexpress.com\/wp-content\/uploads\/2020\/02\/3.jpg\" class=\"attachment-full\" alt=\"\" srcset=\"https:\/\/calcetinesexpress.com\/wp-content\/uploads\/2020\/02\/3.jpg 1500w, https:\/\/calcetinesexpress.com\/wp-content\/uploads\/2020\/02\/3-150x150.jpg 150w, https:\/\/calcetinesexpress.com\/wp-content\/uploads\/2020\/02\/3-300x300.jpg 300w, https:\/\/calcetinesexpress.com\/wp-content\/uploads\/2020\/02\/3-768x768.jpg 768w, https:\/\/calcetinesexpress.com\/wp-content\/uploads\/2020\/02\/3-1024x1024.jpg 1024w, https:\/\/calcetinesexpress.com\/wp-content\/uploads\/2020\/02\/3-600x600.jpg 600w, https:\/\/calcetinesexpress.com\/wp-content\/uploads\/2020\/02\/3-100x100.jpg 100w\" sizes=\"(max-width: 1500px) 100vw, 1500px\" itemprop=\"image\" \/><\/a><\/div><\/div><div class=\"vc_item\"><div class=\"vc_inner\"><a class=\"prettyphoto\" href=\"https:\/\/calcetinesexpress.com\/wp-content\/uploads\/2020\/02\/4-1024x1024.jpg\" data-rel=\"prettyPhoto[rel-550-1749858288]\"><img loading=\"lazy\" decoding=\"async\" width=\"1500\" height=\"1500\" src=\"https:\/\/calcetinesexpress.com\/wp-content\/uploads\/2020\/02\/4.jpg\" class=\"attachment-full\" alt=\"\" srcset=\"https:\/\/calcetinesexpress.com\/wp-content\/uploads\/2020\/02\/4.jpg 1500w, https:\/\/calcetinesexpress.com\/wp-content\/uploads\/2020\/02\/4-150x150.jpg 150w, https:\/\/calcetinesexpress.com\/wp-content\/uploads\/2020\/02\/4-300x300.jpg 300w, https:\/\/calcetinesexpress.com\/wp-content\/uploads\/2020\/02\/4-768x768.jpg 768w, https:\/\/calcetinesexpress.com\/wp-content\/uploads\/2020\/02\/4-1024x1024.jpg 1024w, https:\/\/calcetinesexpress.com\/wp-content\/uploads\/2020\/02\/4-600x600.jpg 600w, https:\/\/calcetinesexpress.com\/wp-content\/uploads\/2020\/02\/4-100x100.jpg 100w\" sizes=\"(max-width: 1500px) 100vw, 1500px\" itemprop=\"image\" \/><\/a><\/div><\/div><div class=\"vc_item\"><div class=\"vc_inner\"><a class=\"prettyphoto\" href=\"https:\/\/calcetinesexpress.com\/wp-content\/uploads\/2020\/02\/5-1024x1024.jpg\" data-rel=\"prettyPhoto[rel-550-1749858288]\"><img loading=\"lazy\" decoding=\"async\" width=\"1500\" height=\"1500\" src=\"https:\/\/calcetinesexpress.com\/wp-content\/uploads\/2020\/02\/5.jpg\" class=\"attachment-full\" alt=\"\" srcset=\"https:\/\/calcetinesexpress.com\/wp-content\/uploads\/2020\/02\/5.jpg 1500w, https:\/\/calcetinesexpress.com\/wp-content\/uploads\/2020\/02\/5-150x150.jpg 150w, https:\/\/calcetinesexpress.com\/wp-content\/uploads\/2020\/02\/5-300x300.jpg 300w, https:\/\/calcetinesexpress.com\/wp-content\/uploads\/2020\/02\/5-768x768.jpg 768w, https:\/\/calcetinesexpress.com\/wp-content\/uploads\/2020\/02\/5-1024x1024.jpg 1024w, https:\/\/calcetinesexpress.com\/wp-content\/uploads\/2020\/02\/5-600x600.jpg 600w, https:\/\/calcetinesexpress.com\/wp-content\/uploads\/2020\/02\/5-100x100.jpg 100w\" sizes=\"(max-width: 1500px) 100vw, 1500px\" itemprop=\"image\" \/><\/a><\/div><\/div><div class=\"vc_item\"><div class=\"vc_inner\"><a class=\"prettyphoto\" href=\"https:\/\/calcetinesexpress.com\/wp-content\/uploads\/2020\/02\/6-1024x1024.jpg\" data-rel=\"prettyPhoto[rel-550-1749858288]\"><img loading=\"lazy\" decoding=\"async\" width=\"1500\" height=\"1500\" src=\"https:\/\/calcetinesexpress.com\/wp-content\/uploads\/2020\/02\/6.jpg\" class=\"attachment-full\" alt=\"\" srcset=\"https:\/\/calcetinesexpress.com\/wp-content\/uploads\/2020\/02\/6.jpg 1500w, https:\/\/calcetinesexpress.com\/wp-content\/uploads\/2020\/02\/6-150x150.jpg 150w, https:\/\/calcetinesexpress.com\/wp-content\/uploads\/2020\/02\/6-300x300.jpg 300w, https:\/\/calcetinesexpress.com\/wp-content\/uploads\/2020\/02\/6-768x768.jpg 768w, https:\/\/calcetinesexpress.com\/wp-content\/uploads\/2020\/02\/6-1024x1024.jpg 1024w, https:\/\/calcetinesexpress.com\/wp-content\/uploads\/2020\/02\/6-600x600.jpg 600w, https:\/\/calcetinesexpress.com\/wp-content\/uploads\/2020\/02\/6-100x100.jpg 100w\" sizes=\"(max-width: 1500px) 100vw, 1500px\" itemprop=\"image\" \/><\/a><\/div><\/div><div class=\"vc_item\"><div class=\"vc_inner\"><a class=\"prettyphoto\" href=\"https:\/\/calcetinesexpress.com\/wp-content\/uploads\/2020\/02\/7-1024x1024.jpg\" data-rel=\"prettyPhoto[rel-550-1749858288]\"><img loading=\"lazy\" decoding=\"async\" width=\"1500\" height=\"1500\" src=\"https:\/\/calcetinesexpress.com\/wp-content\/uploads\/2020\/02\/7.jpg\" class=\"attachment-full\" alt=\"\" srcset=\"https:\/\/calcetinesexpress.com\/wp-content\/uploads\/2020\/02\/7.jpg 1500w, https:\/\/calcetinesexpress.com\/wp-content\/uploads\/2020\/02\/7-150x150.jpg 150w, https:\/\/calcetinesexpress.com\/wp-content\/uploads\/2020\/02\/7-300x300.jpg 300w, https:\/\/calcetinesexpress.com\/wp-content\/uploads\/2020\/02\/7-768x768.jpg 768w, https:\/\/calcetinesexpress.com\/wp-content\/uploads\/2020\/02\/7-1024x1024.jpg 1024w, https:\/\/calcetinesexpress.com\/wp-content\/uploads\/2020\/02\/7-600x600.jpg 600w, https:\/\/calcetinesexpress.com\/wp-content\/uploads\/2020\/02\/7-100x100.jpg 100w\" sizes=\"(max-width: 1500px) 100vw, 1500px\" itemprop=\"image\" \/><\/a><\/div><\/div><div class=\"vc_item\"><div class=\"vc_inner\"><a class=\"prettyphoto\" href=\"https:\/\/calcetinesexpress.com\/wp-content\/uploads\/2020\/02\/10-1024x1024.jpg\" data-rel=\"prettyPhoto[rel-550-1749858288]\"><img loading=\"lazy\" decoding=\"async\" width=\"1500\" height=\"1500\" src=\"https:\/\/calcetinesexpress.com\/wp-content\/uploads\/2020\/02\/10.jpg\" class=\"attachment-full\" alt=\"\" srcset=\"https:\/\/calcetinesexpress.com\/wp-content\/uploads\/2020\/02\/10.jpg 1500w, https:\/\/calcetinesexpress.com\/wp-content\/uploads\/2020\/02\/10-150x150.jpg 150w, https:\/\/calcetinesexpress.com\/wp-content\/uploads\/2020\/02\/10-300x300.jpg 300w, https:\/\/calcetinesexpress.com\/wp-content\/uploads\/2020\/02\/10-768x768.jpg 768w, https:\/\/calcetinesexpress.com\/wp-content\/uploads\/2020\/02\/10-1024x1024.jpg 1024w, https:\/\/calcetinesexpress.com\/wp-content\/uploads\/2020\/02\/10-600x600.jpg 600w, https:\/\/calcetinesexpress.com\/wp-content\/uploads\/2020\/02\/10-100x100.jpg 100w\" sizes=\"(max-width: 1500px) 100vw, 1500px\" itemprop=\"image\" \/><\/a><\/div><\/div><div class=\"vc_item\"><div class=\"vc_inner\"><a class=\"prettyphoto\" href=\"https:\/\/calcetinesexpress.com\/wp-content\/uploads\/2020\/02\/12-1024x1024.jpg\" data-rel=\"prettyPhoto[rel-550-1749858288]\"><img loading=\"lazy\" decoding=\"async\" width=\"1500\" height=\"1500\" src=\"https:\/\/calcetinesexpress.com\/wp-content\/uploads\/2020\/02\/12.jpg\" class=\"attachment-full\" alt=\"\" srcset=\"https:\/\/calcetinesexpress.com\/wp-content\/uploads\/2020\/02\/12.jpg 1500w, https:\/\/calcetinesexpress.com\/wp-content\/uploads\/2020\/02\/12-150x150.jpg 150w, https:\/\/calcetinesexpress.com\/wp-content\/uploads\/2020\/02\/12-300x300.jpg 300w, https:\/\/calcetinesexpress.com\/wp-content\/uploads\/2020\/02\/12-768x768.jpg 768w, https:\/\/calcetinesexpress.com\/wp-content\/uploads\/2020\/02\/12-1024x1024.jpg 1024w, https:\/\/calcetinesexpress.com\/wp-content\/uploads\/2020\/02\/12-600x600.jpg 600w, https:\/\/calcetinesexpress.com\/wp-content\/uploads\/2020\/02\/12-100x100.jpg 100w\" sizes=\"(max-width: 1500px) 100vw, 1500px\" itemprop=\"image\" \/><\/a><\/div><\/div><div class=\"vc_item\"><div class=\"vc_inner\"><a class=\"prettyphoto\" href=\"https:\/\/calcetinesexpress.com\/wp-content\/uploads\/2020\/02\/13-1024x1024.jpg\" data-rel=\"prettyPhoto[rel-550-1749858288]\"><img loading=\"lazy\" decoding=\"async\" width=\"1500\" height=\"1500\" src=\"https:\/\/calcetinesexpress.com\/wp-content\/uploads\/2020\/02\/13.jpg\" class=\"attachment-full\" alt=\"\" srcset=\"https:\/\/calcetinesexpress.com\/wp-content\/uploads\/2020\/02\/13.jpg 1500w, https:\/\/calcetinesexpress.com\/wp-content\/uploads\/2020\/02\/13-150x150.jpg 150w, https:\/\/calcetinesexpress.com\/wp-content\/uploads\/2020\/02\/13-300x300.jpg 300w, https:\/\/calcetinesexpress.com\/wp-content\/uploads\/2020\/02\/13-768x768.jpg 768w, https:\/\/calcetinesexpress.com\/wp-content\/uploads\/2020\/02\/13-1024x1024.jpg 1024w, https:\/\/calcetinesexpress.com\/wp-content\/uploads\/2020\/02\/13-600x600.jpg 600w, https:\/\/calcetinesexpress.com\/wp-content\/uploads\/2020\/02\/13-100x100.jpg 100w\" sizes=\"(max-width: 1500px) 100vw, 1500px\" itemprop=\"image\" \/><\/a><\/div><\/div><div class=\"vc_item\"><div class=\"vc_inner\"><a class=\"prettyphoto\" href=\"https:\/\/calcetinesexpress.com\/wp-content\/uploads\/2020\/02\/14-1024x1024.jpg\" data-rel=\"prettyPhoto[rel-550-1749858288]\"><img loading=\"lazy\" decoding=\"async\" width=\"1500\" height=\"1500\" src=\"https:\/\/calcetinesexpress.com\/wp-content\/uploads\/2020\/02\/14.jpg\" class=\"attachment-full\" alt=\"\" srcset=\"https:\/\/calcetinesexpress.com\/wp-content\/uploads\/2020\/02\/14.jpg 1500w, https:\/\/calcetinesexpress.com\/wp-content\/uploads\/2020\/02\/14-150x150.jpg 150w, https:\/\/calcetinesexpress.com\/wp-content\/uploads\/2020\/02\/14-300x300.jpg 300w, https:\/\/calcetinesexpress.com\/wp-content\/uploads\/2020\/02\/14-768x768.jpg 768w, https:\/\/calcetinesexpress.com\/wp-content\/uploads\/2020\/02\/14-1024x1024.jpg 1024w, https:\/\/calcetinesexpress.com\/wp-content\/uploads\/2020\/02\/14-600x600.jpg 600w, https:\/\/calcetinesexpress.com\/wp-content\/uploads\/2020\/02\/14-100x100.jpg 100w\" sizes=\"(max-width: 1500px) 100vw, 1500px\" itemprop=\"image\" \/><\/a><\/div><\/div><\/div><\/div><\/div><a class=\"vc_left vc_carousel-control\" href=\"#vc_images-carousel-1-1777399285\" data-slide=\"prev\"><span class=\"icon-prev\"><\/span><\/a><a class=\"vc_right vc_carousel-control\" href=\"#vc_images-carousel-1-1777399285\" data-slide=\"next\"><span class=\"icon-next\"><\/span><\/a><\/div><\/div><\/div><\/div>\n\t<\/div>\n\n","protected":false},"excerpt":{"rendered":"Paquete Completo En calcetines Express prestamos el servicio de Paquete Completo a marcas Nacionales e Internacionales, desarrollamos tus productos a la medida. Estamos comprometidos con la satisfacci\u00f3n permanente de las necesidades particulares de nuestros clientes; para ello contamos con un equipo de dise\u00f1o y desarrollo de muestras altamente calificado, que participa activamente en la investigaci\u00f3n [...]","protected":false},"author":1,"featured_media":0,"parent":0,"menu_order":0,"comment_status":"open","ping_status":"closed","template":"","meta":{"footnotes":"","_joinchat":[]},"yoast_head":"<!-- This site is optimized with the Yoast SEO plugin v23.5 - https:\/\/yoast.com\/wordpress\/plugins\/seo\/ -->\n<title>Paquete Completo - Calcetines Express<\/title>\n<meta name=\"robots\" content=\"index, follow, max-snippet:-1, max-image-preview:large, max-video-preview:-1\" \/>\n<link rel=\"canonical\" href=\"https:\/\/calcetinesexpress.com\/en\/paquete-completo\/\" \/>\n<meta property=\"og:locale\" content=\"en_US\" \/>\n<meta property=\"og:type\" content=\"article\" \/>\n<meta property=\"og:title\" content=\"Paquete Completo - Calcetines Express\" \/>\n<meta property=\"og:url\" content=\"https:\/\/calcetinesexpress.com\/en\/paquete-completo\/\" \/>\n<meta property=\"og:site_name\" content=\"Calcetines Express\" \/>\n<meta property=\"article:modified_time\" content=\"2020-02-26T16:25:11+00:00\" \/>\n<meta name=\"twitter:card\" content=\"summary_large_image\" \/>\n<meta name=\"twitter:label1\" content=\"Est. reading time\" \/>\n\t<meta name=\"twitter:data1\" content=\"2 minutes\" \/>\n<script type=\"application\/ld+json\" class=\"yoast-schema-graph\">{\"@context\":\"https:\/\/schema.org\",\"@graph\":[{\"@type\":\"WebPage\",\"@id\":\"https:\/\/calcetinesexpress.com\/paquete-completo\/\",\"url\":\"https:\/\/calcetinesexpress.com\/paquete-completo\/\",\"name\":\"Paquete Completo - Calcetines Express\",\"isPartOf\":{\"@id\":\"https:\/\/calcetinesexpress.com\/#website\"},\"datePublished\":\"2014-09-15T13:43:54+00:00\",\"dateModified\":\"2020-02-26T16:25:11+00:00\",\"breadcrumb\":{\"@id\":\"https:\/\/calcetinesexpress.com\/paquete-completo\/#breadcrumb\"},\"inLanguage\":\"en-US\",\"potentialAction\":[{\"@type\":\"ReadAction\",\"target\":[\"https:\/\/calcetinesexpress.com\/paquete-completo\/\"]}]},{\"@type\":\"BreadcrumbList\",\"@id\":\"https:\/\/calcetinesexpress.com\/paquete-completo\/#breadcrumb\",\"itemListElement\":[{\"@type\":\"ListItem\",\"position\":1,\"name\":\"Home\",\"item\":\"https:\/\/calcetinesexpress.com\/\"},{\"@type\":\"ListItem\",\"position\":2,\"name\":\"Paquete Completo\"}]},{\"@type\":\"WebSite\",\"@id\":\"https:\/\/calcetinesexpress.com\/#website\",\"url\":\"https:\/\/calcetinesexpress.com\/\",\"name\":\"Calcetines Express\",\"description\":\"Dise\u00f1o y producci\u00f3n de calcetines\",\"publisher\":{\"@id\":\"https:\/\/calcetinesexpress.com\/#organization\"},\"potentialAction\":[{\"@type\":\"SearchAction\",\"target\":{\"@type\":\"EntryPoint\",\"urlTemplate\":\"https:\/\/calcetinesexpress.com\/?s={search_term_string}\"},\"query-input\":{\"@type\":\"PropertyValueSpecification\",\"valueRequired\":true,\"valueName\":\"search_term_string\"}}],\"inLanguage\":\"en-US\"},{\"@type\":\"Organization\",\"@id\":\"https:\/\/calcetinesexpress.com\/#organization\",\"name\":\"Calcetines Express\",\"url\":\"https:\/\/calcetinesexpress.com\/\",\"logo\":{\"@type\":\"ImageObject\",\"inLanguage\":\"en-US\",\"@id\":\"https:\/\/calcetinesexpress.com\/#\/schema\/logo\/image\/\",\"url\":\"https:\/\/calcetinesexpress.com\/wp-content\/uploads\/2022\/01\/logo-2.png\",\"contentUrl\":\"https:\/\/calcetinesexpress.com\/wp-content\/uploads\/2022\/01\/logo-2.png\",\"width\":109,\"height\":122,\"caption\":\"Calcetines Express\"},\"image\":{\"@id\":\"https:\/\/calcetinesexpress.com\/#\/schema\/logo\/image\/\"},\"sameAs\":[\"https:\/\/www.instagram.com\/calcetines_express\/\"]}]}<\/script>\n<!-- \/ Yoast SEO plugin. -->","yoast_head_json":{"title":"Paquete Completo - Calcetines Express","robots":{"index":"index","follow":"follow","max-snippet":"max-snippet:-1","max-image-preview":"max-image-preview:large","max-video-preview":"max-video-preview:-1"},"canonical":"https:\/\/calcetinesexpress.com\/en\/paquete-completo\/","og_locale":"en_US","og_type":"article","og_title":"Paquete Completo - Calcetines Express","og_url":"https:\/\/calcetinesexpress.com\/en\/paquete-completo\/","og_site_name":"Calcetines Express","article_modified_time":"2020-02-26T16:25:11+00:00","twitter_card":"summary_large_image","twitter_misc":{"Est. reading time":"2 minutes"},"schema":{"@context":"https:\/\/schema.org","@graph":[{"@type":"WebPage","@id":"https:\/\/calcetinesexpress.com\/paquete-completo\/","url":"https:\/\/calcetinesexpress.com\/paquete-completo\/","name":"Paquete Completo - Calcetines Express","isPartOf":{"@id":"https:\/\/calcetinesexpress.com\/#website"},"datePublished":"2014-09-15T13:43:54+00:00","dateModified":"2020-02-26T16:25:11+00:00","breadcrumb":{"@id":"https:\/\/calcetinesexpress.com\/paquete-completo\/#breadcrumb"},"inLanguage":"en-US","potentialAction":[{"@type":"ReadAction","target":["https:\/\/calcetinesexpress.com\/paquete-completo\/"]}]},{"@type":"BreadcrumbList","@id":"https:\/\/calcetinesexpress.com\/paquete-completo\/#breadcrumb","itemListElement":[{"@type":"ListItem","position":1,"name":"Home","item":"https:\/\/calcetinesexpress.com\/"},{"@type":"ListItem","position":2,"name":"Paquete Completo"}]},{"@type":"WebSite","@id":"https:\/\/calcetinesexpress.com\/#website","url":"https:\/\/calcetinesexpress.com\/","name":"Calcetines Express","description":"Dise\u00f1o y producci\u00f3n de calcetines","publisher":{"@id":"https:\/\/calcetinesexpress.com\/#organization"},"potentialAction":[{"@type":"SearchAction","target":{"@type":"EntryPoint","urlTemplate":"https:\/\/calcetinesexpress.com\/?s={search_term_string}"},"query-input":{"@type":"PropertyValueSpecification","valueRequired":true,"valueName":"search_term_string"}}],"inLanguage":"en-US"},{"@type":"Organization","@id":"https:\/\/calcetinesexpress.com\/#organization","name":"Calcetines Express","url":"https:\/\/calcetinesexpress.com\/","logo":{"@type":"ImageObject","inLanguage":"en-US","@id":"https:\/\/calcetinesexpress.com\/#\/schema\/logo\/image\/","url":"https:\/\/calcetinesexpress.com\/wp-content\/uploads\/2022\/01\/logo-2.png","contentUrl":"https:\/\/calcetinesexpress.com\/wp-content\/uploads\/2022\/01\/logo-2.png","width":109,"height":122,"caption":"Calcetines Express"},"image":{"@id":"https:\/\/calcetinesexpress.com\/#\/schema\/logo\/image\/"},"sameAs":["https:\/\/www.instagram.com\/calcetines_express\/"]}]}},"_links":{"self":[{"href":"https:\/\/calcetinesexpress.com\/en\/wp-json\/wp\/v2\/pages\/550"}],"collection":[{"href":"https:\/\/calcetinesexpress.com\/en\/wp-json\/wp\/v2\/pages"}],"about":[{"href":"https:\/\/calcetinesexpress.com\/en\/wp-json\/wp\/v2\/types\/page"}],"author":[{"embeddable":true,"href":"https:\/\/calcetinesexpress.com\/en\/wp-json\/wp\/v2\/users\/1"}],"replies":[{"embeddable":true,"href":"https:\/\/calcetinesexpress.com\/en\/wp-json\/wp\/v2\/comments?post=550"}],"version-history":[{"count":27,"href":"https:\/\/calcetinesexpress.com\/en\/wp-json\/wp\/v2\/pages\/550\/revisions"}],"predecessor-version":[{"id":5875,"href":"https:\/\/calcetinesexpress.com\/en\/wp-json\/wp\/v2\/pages\/550\/revisions\/5875"}],"wp:attachment":[{"href":"https:\/\/calcetinesexpress.com\/en\/wp-json\/wp\/v2\/media?parent=550"}],"curies":[{"name":"wp","href":"https:\/\/api.w.org\/{rel}","templated":true}]}}