{"id":21,"date":"2014-09-13T10:01:52","date_gmt":"2014-09-13T10:01:52","guid":{"rendered":"https:\/\/demos.artbees.net\/jupiter\/praxidike\/?page_id=21"},"modified":"2019-11-19T04:53:58","modified_gmt":"2019-11-19T04:53:58","slug":"contacto","status":"publish","type":"page","link":"https:\/\/calcetinesexpress.com\/en\/contacto\/","title":{"rendered":"CONTACT"},"content":{"rendered":"<div  data-mk-full-width=\"true\" data-mk-full-width-init=\"false\" data-mk-stretch-content=\"true\" class=\"wpb_row vc_row vc_row-fluid jupiter-donut- mk-fullwidth-true  attched-false     js-master-row  mk-full-content-true\">\n\t\t\t\t\n<div class=\"vc_col-sm-12 wpb_column column_container  jupiter-donut- _ jupiter-donut-height-full\">\n\t<div class=\"wpb_gmaps_widget wpb_content_element\"><div class=\"wpb_wrapper\"><div class=\"wpb_map_wraper\"><iframe loading=\"lazy\" src=\"https:\/\/www.google.com\/maps\/embed?pb=!1m14!1m8!1m3!1d7933.284846161857!2d-75.593397!3d6.178596!3m2!1i1024!2i768!4f13.1!3m3!1m2!1s0x0%3A0x679fcaf3516e9e68!2sCalcetines%20Express!5e0!3m2!1ses!2sco!4v1571189875915!5m2!1ses!2sco\" width=\"600\" height=\"450\" frameborder=\"0\" style=\"border:0;\" allowfullscreen=\"\"><\/iframe><\/div><\/div><\/div><\/div>\n\t<\/div>\n<div class=\"vc_row-full-width vc_clearfix\"><\/div>\n<div  data-vc-parallax=\"9.5\" data-vc-parallax-image=\"https:\/\/calcetinesexpress.com\/wp-content\/uploads\/2019\/11\/calcetines-express-estilo-vida-6c.jpg\" data-mk-full-width=\"true\" data-mk-full-width-init=\"false\" class=\"wpb_row vc_row vc_row-fluid jupiter-donut- mk-fullwidth-true  attched-false    vc_custom_1572931578563  js-master-row  vc_general vc_parallax vc_parallax-content-moving\">\n\t\t\t<div class=\"mk-grid\">\n\t\t\t\t\n<div class=\"vc_col-sm-4 wpb_column column_container  jupiter-donut- _ jupiter-donut-height-full\">\n\t\n<div id=\"box-icon-3\" class=\"mk-box-icon  jupiter-donut- boxed-style   jupiter-donut-clearfix\">\n\n    <div class=\"icon-box-boxed top\">\n\n\t<i class=\"mk-main-ico\"><svg  class=\"mk-svg-icon\" data-name=\"mk-icon-map-marker\" data-cacheid=\"icon-69f0f5c6422c3\" xmlns=\"http:\/\/www.w3.org\/2000\/svg\" viewbox=\"0 0 1024 1792\"><path d=\"M768 640q0-106-75-181t-181-75-181 75-75 181 75 181 181 75 181-75 75-181zm256 0q0 109-33 179l-364 774q-16 33-47.5 52t-67.5 19-67.5-19-46.5-52l-365-774q-33-70-33-179 0-212 150-362t362-150 362 150 150 362z\"\/><\/svg><\/i><h4 class=\"icon-box-title\">\n     Address:<\/h4>\n\n\n<p>Carrera 42 # 67 A 97 | Itagui<\/p>\n\n\t<div class=\"clearboth\"><\/div>\n<\/div>\n\n\n\n    <div class=\"clearboth\"><\/div>\n<\/div>\n\n\n\n\n<\/div>\n\n<div class=\"vc_col-sm-4 wpb_column column_container  jupiter-donut- _ jupiter-donut-height-full\">\n\t\n<div id=\"box-icon-5\" class=\"mk-box-icon  jupiter-donut- boxed-style   jupiter-donut-clearfix\">\n\n    <div class=\"icon-box-boxed top\">\n\n\t<i class=\"mk-main-ico\"><svg  class=\"mk-svg-icon\" data-name=\"mk-moon-phone-2\" data-cacheid=\"icon-69f0f5c642c13\" xmlns=\"http:\/\/www.w3.org\/2000\/svg\" viewbox=\"0 0 512 512\"><path d=\"M352 320c32-32 128 64 128 96s-96 96-96 96c-64 0-193.75-65.75-256-128s-128-192-128-256c0 0 64-96 96-96s128 96 96 128-64 32-64 64 32 64 64 96 64 64 96 64 32-32 64-64zm-32-192c-22.419 0-42.133 11.536-53.563 28.987 7.893-3.206 16.518-4.987 25.563-4.987 37.556 0 68 30.445 68 68 0 9.045-1.781 17.669-4.987 25.563 17.451-11.43 28.987-31.144 28.987-53.563 0-35.346-28.653-64-64-64zm16-64c-33.896 0-64.273 15.059-84.812 38.85 16.792-9.452 36.17-14.85 56.812-14.85 64.064 0 116 51.935 116 116 0 20.642-5.398 40.02-14.85 56.812 23.791-20.539 38.85-50.916 38.85-84.812 0-61.856-50.145-112-112-112zm32-64c-41.519 0-78.926 17.578-105.206 45.689 22.477-13.772 48.913-21.717 77.206-21.717 81.738 0 148 66.269 148 148.014 0 28.326-7.962 54.79-21.761 77.286 28.154-26.283 45.761-63.718 45.761-105.272 0-79.529-64.471-144-144-144z\"\/><\/svg><\/i><h4 class=\"icon-box-title\">\n     Phone:<\/h4>\n\n\n<p><a href=\"tel:+57 (4) 281 9322\">+57 (4) 281 9322<\/a><\/p>\n\n\t<div class=\"clearboth\"><\/div>\n<\/div>\n\n\n\n    <div class=\"clearboth\"><\/div>\n<\/div>\n\n\n\n\n<\/div>\n\n<div class=\"vc_col-sm-4 wpb_column column_container  jupiter-donut- _ jupiter-donut-height-full\">\n\t\n<div id=\"box-icon-7\" class=\"mk-box-icon  jupiter-donut- boxed-style   jupiter-donut-clearfix\">\n\n    <div class=\"icon-box-boxed top\">\n\n\t<i class=\"mk-main-ico\"><svg  class=\"mk-svg-icon\" data-name=\"mk-moon-envelop-2\" data-cacheid=\"icon-69f0f5c643395\" xmlns=\"http:\/\/www.w3.org\/2000\/svg\" viewbox=\"0 0 512 512\"><path d=\"M325.608 265.182l186.392 128.554v-295.947zm-325.608-167.393v295.947l186.388-128.572zm256 229.902l-44.501-39.955-211.499 128.264h512l-211.505-128.264zm240.64-231.691h-481.28l240.64 180.926z\"\/><\/svg><\/i><h4 class=\"icon-box-title\">\n     Email:<\/h4>\n\n\n<p><a href=\"mailto:info@calcetinesexpress.com.co\">info@calcetinesexpress.com.co<\/a><\/p>\n\n\t<div class=\"clearboth\"><\/div>\n<\/div>\n\n\n\n    <div class=\"clearboth\"><\/div>\n<\/div>\n\n\n\n\n<\/div>\n\t\t\t<\/div>\n\t<\/div>\n<div class=\"vc_row-full-width vc_clearfix\"><\/div>\n<div class=\"mk-page-section-wrapper\" data-mk-full-width=\"true\" data-mk-full-width-init=\"true\" data-mk-stretch-content=\"true\">\n\t<div id=\"page-section-8\" class=\"mk-page-section self-hosted   full_layout full-width-8 js-el js-master-row jupiter-donut-\"    data-intro-effect=\"false\">\n\n\t\t\t\n\t\t\t<div class=\"mk-page-section-inner\">\n\t\t\t\t\n\n\n<div class=\"mk-video-color-mask\"><\/div>\n\n\t\t\t\t\n\t\t\t\t\t\t\t<\/div>\n\n\t\t\t\n        <div class=\"page-section-content vc_row-fluid mk-grid fluid-width-equal-height-columns vertical-align-center\" >\n            <div class=\"mk-padding-wrapper wpb_row\">\n<div class=\"vc_col-sm-12 wpb_column column_container  jupiter-donut- _ jupiter-donut-height-full\">\n\t\n\n<div class=\"wpb_row vc_inner vc_row vc_row-fluid jupiter-donut-   attched-false\">\n\t\t\t<div class=\"wpb_column vc_column_container vc_col-sm-6\"><div class=\"vc_column-inner\"><div class=\"wpb_wrapper\">\n<h4 id=\"fancy-title-10\" class=\"mk-fancy-title  mk-animate-element left-to-right  simple-style jupiter-donut-  color-single\">\n\t<span>\n\t\t\t\t<h4><\/h4>\n<p style=\"text-align: right;\">\u00a1Contact us now!<\/p>\n\t\t\t<\/span>\n<\/h4>\n<div class=\"clearboth\"><\/div>\n\n\n\n\t<div class=\"vc_custom_1572981554937\">\n\n<div id=\"text-block-11\" class=\"mk-text-block  jupiter-donut-\">\n\n\t\n\t<h6 class=\"big\" style=\"text-align: right;\">To learn more about our services and prices, fill out the following form:<\/h6>\n<h6 style=\"text-align: right;\">*Your email address will not be published, given to third parties or used for commercial purposes.<\/h6>\n\n\t<div class=\"clearboth\"><\/div>\n<\/div>\n\n\t<\/div>\n<\/div><\/div><\/div><div class=\"wpb_column vc_column_container vc_col-sm-6\"><div class=\"vc_column-inner vc_custom_1571932551130\"><div class=\"wpb_wrapper\">\n<div class=\"wpcf7 no-js\" id=\"wpcf7-f5214-o1\" lang=\"es-CO\" dir=\"ltr\">\n<div class=\"screen-reader-response\"><p role=\"status\" aria-live=\"polite\" aria-atomic=\"true\"><\/p> <ul><\/ul><\/div>\n<form action=\"\/en\/wp-json\/wp\/v2\/pages\/21#wpcf7-f5214-o1\" method=\"post\" class=\"wpcf7-form init\" aria-label=\"Formulario de contacto\" novalidate=\"novalidate\" data-status=\"init\" data-trp-original-action=\"\/en\/wp-json\/wp\/v2\/pages\/21#wpcf7-f5214-o1\">\n<div style=\"display: none;\">\n<input type=\"hidden\" name=\"_wpcf7\" value=\"5214\" \/>\n<input type=\"hidden\" name=\"_wpcf7_version\" value=\"5.9.8\" \/>\n<input type=\"hidden\" name=\"_wpcf7_locale\" value=\"es_CO\" \/>\n<input type=\"hidden\" name=\"_wpcf7_unit_tag\" value=\"wpcf7-f5214-o1\" \/>\n<input type=\"hidden\" name=\"_wpcf7_container_post\" value=\"0\" \/>\n<input type=\"hidden\" name=\"_wpcf7_posted_data_hash\" value=\"\" \/>\n<\/div>\n<div class=\"column one-second\">\n\t<p><span class=\"wpcf7-form-control-wrap\" data-name=\"your-name\"><input size=\"40\" maxlength=\"400\" class=\"wpcf7-form-control wpcf7-text wpcf7-validates-as-required\" aria-required=\"true\" aria-invalid=\"false\" placeholder=\"Name (required)\" value=\"\" type=\"text\" name=\"your-name\" \/><\/span>\n\t<\/p>\n<\/div>\n<div class=\"column one\">\n\t<p><span class=\"wpcf7-form-control-wrap\" data-name=\"your-email\"><input size=\"40\" maxlength=\"400\" class=\"wpcf7-form-control wpcf7-email wpcf7-validates-as-required wpcf7-text wpcf7-validates-as-email\" aria-required=\"true\" aria-invalid=\"false\" placeholder=\"Email (required)\" value=\"\" type=\"email\" name=\"your-email\" \/><\/span>\n\t<\/p>\n<\/div>\n<div class=\"column one\">\n\t<p><span class=\"wpcf7-form-control-wrap\" data-name=\"tel-901\"><input size=\"40\" maxlength=\"400\" class=\"wpcf7-form-control wpcf7-tel wpcf7-validates-as-required wpcf7-text wpcf7-validates-as-tel\" aria-required=\"true\" aria-invalid=\"false\" placeholder=\"Phone\" value=\"\" type=\"tel\" name=\"tel-901\" \/><\/span>\n\t<\/p>\n<\/div>\n<div class=\"column one\">\n\t<p><span class=\"wpcf7-form-control-wrap\" data-name=\"your-subject\"><input size=\"40\" maxlength=\"400\" class=\"wpcf7-form-control wpcf7-text\" aria-invalid=\"false\" placeholder=\"Affair\" value=\"\" type=\"text\" name=\"your-subject\" \/><\/span>\n\t<\/p>\n<\/div>\n<div class=\"column one\">\n\t<p><span class=\"wpcf7-form-control-wrap\" data-name=\"your-message\"><input size=\"40\" maxlength=\"400\" class=\"wpcf7-form-control wpcf7-text\" aria-invalid=\"false\" placeholder=\"Message\" value=\"\" type=\"text\" name=\"your-message\" \/><\/span>\n\t<\/p>\n<\/div>\n<div class=\"column one-second\" color=\"#1e328f;\">\n\t<p><input class=\"wpcf7-form-control wpcf7-submit has-spinner\" type=\"submit\" value=\"SEND\" \/>\n\t<\/p>\n<\/div><input type='hidden' class='wpcf7-pum' value='{\"closepopup\":false,\"closedelay\":0,\"openpopup\":false,\"openpopup_id\":0}' \/><div class=\"wpcf7-response-output\" aria-hidden=\"true\"><\/div>\n<input type=\"hidden\" name=\"trp-form-language\" value=\"en\"\/><\/form>\n<\/div>\n<\/div><\/div><\/div>\t<\/div>\n<\/div>\n<\/div>\n            <div class=\"clearboth\"><\/div>\n        <\/div>\n\n\n\t\t\t\n\t\t\t\n\t\t\t\n\t\t<div class=\"clearboth\"><\/div>\n\t<\/div>\n<\/div>\n<div class=\"vc_row-full-width vc_clearfix\"><\/div>","protected":false},"excerpt":{"rendered":"Direcci\u00f3n: Carrera 42 # 67 A 97 | Itagui Tel\u00e9fono: +57 (4) 281 9322 Correo Electr\u00f3nico: info@calcetinesexpress.com.co \u00a1Cont\u00e1ctanos ya! Para saber m\u00e1s acerca de nuestros servicios y precios diligencia el siguiente formulario: *Tu direcci\u00f3n de correo no ser\u00e1 publicada, entregada a terceros o utilizada con fines comerciales.","protected":false},"author":1,"featured_media":0,"parent":0,"menu_order":0,"comment_status":"open","ping_status":"closed","template":"","meta":{"footnotes":"","_joinchat":[]},"yoast_head":"<!-- This site is optimized with the Yoast SEO plugin v23.5 - https:\/\/yoast.com\/wordpress\/plugins\/seo\/ -->\n<title>Contacto - Calcetines Express<\/title>\n<meta name=\"robots\" content=\"index, follow, max-snippet:-1, max-image-preview:large, max-video-preview:-1\" \/>\n<link rel=\"canonical\" href=\"https:\/\/calcetinesexpress.com\/en\/contacto\/\" \/>\n<meta property=\"og:locale\" content=\"en_US\" \/>\n<meta property=\"og:type\" content=\"article\" \/>\n<meta property=\"og:title\" content=\"Contacto - Calcetines Express\" \/>\n<meta property=\"og:url\" content=\"https:\/\/calcetinesexpress.com\/en\/contacto\/\" \/>\n<meta property=\"og:site_name\" content=\"Calcetines Express\" \/>\n<meta property=\"article:modified_time\" content=\"2019-11-19T04:53:58+00:00\" \/>\n<meta name=\"twitter:card\" content=\"summary_large_image\" \/>\n<meta name=\"twitter:label1\" content=\"Est. reading time\" \/>\n\t<meta name=\"twitter:data1\" content=\"2 minutes\" \/>\n<script type=\"application\/ld+json\" class=\"yoast-schema-graph\">{\"@context\":\"https:\/\/schema.org\",\"@graph\":[{\"@type\":\"WebPage\",\"@id\":\"https:\/\/calcetinesexpress.com\/contacto\/\",\"url\":\"https:\/\/calcetinesexpress.com\/contacto\/\",\"name\":\"Contacto - Calcetines Express\",\"isPartOf\":{\"@id\":\"https:\/\/calcetinesexpress.com\/#website\"},\"datePublished\":\"2014-09-13T10:01:52+00:00\",\"dateModified\":\"2019-11-19T04:53:58+00:00\",\"breadcrumb\":{\"@id\":\"https:\/\/calcetinesexpress.com\/contacto\/#breadcrumb\"},\"inLanguage\":\"en-US\",\"potentialAction\":[{\"@type\":\"ReadAction\",\"target\":[\"https:\/\/calcetinesexpress.com\/contacto\/\"]}]},{\"@type\":\"BreadcrumbList\",\"@id\":\"https:\/\/calcetinesexpress.com\/contacto\/#breadcrumb\",\"itemListElement\":[{\"@type\":\"ListItem\",\"position\":1,\"name\":\"Home\",\"item\":\"https:\/\/calcetinesexpress.com\/\"},{\"@type\":\"ListItem\",\"position\":2,\"name\":\"Contacto\"}]},{\"@type\":\"WebSite\",\"@id\":\"https:\/\/calcetinesexpress.com\/#website\",\"url\":\"https:\/\/calcetinesexpress.com\/\",\"name\":\"Calcetines Express\",\"description\":\"Dise\u00f1o y producci\u00f3n de calcetines\",\"publisher\":{\"@id\":\"https:\/\/calcetinesexpress.com\/#organization\"},\"potentialAction\":[{\"@type\":\"SearchAction\",\"target\":{\"@type\":\"EntryPoint\",\"urlTemplate\":\"https:\/\/calcetinesexpress.com\/?s={search_term_string}\"},\"query-input\":{\"@type\":\"PropertyValueSpecification\",\"valueRequired\":true,\"valueName\":\"search_term_string\"}}],\"inLanguage\":\"en-US\"},{\"@type\":\"Organization\",\"@id\":\"https:\/\/calcetinesexpress.com\/#organization\",\"name\":\"Calcetines Express\",\"url\":\"https:\/\/calcetinesexpress.com\/\",\"logo\":{\"@type\":\"ImageObject\",\"inLanguage\":\"en-US\",\"@id\":\"https:\/\/calcetinesexpress.com\/#\/schema\/logo\/image\/\",\"url\":\"https:\/\/calcetinesexpress.com\/wp-content\/uploads\/2022\/01\/logo-2.png\",\"contentUrl\":\"https:\/\/calcetinesexpress.com\/wp-content\/uploads\/2022\/01\/logo-2.png\",\"width\":109,\"height\":122,\"caption\":\"Calcetines Express\"},\"image\":{\"@id\":\"https:\/\/calcetinesexpress.com\/#\/schema\/logo\/image\/\"},\"sameAs\":[\"https:\/\/www.instagram.com\/calcetines_express\/\"]}]}<\/script>\n<!-- \/ Yoast SEO plugin. -->","yoast_head_json":{"title":"Contacto - Calcetines Express","robots":{"index":"index","follow":"follow","max-snippet":"max-snippet:-1","max-image-preview":"max-image-preview:large","max-video-preview":"max-video-preview:-1"},"canonical":"https:\/\/calcetinesexpress.com\/en\/contacto\/","og_locale":"en_US","og_type":"article","og_title":"Contacto - Calcetines Express","og_url":"https:\/\/calcetinesexpress.com\/en\/contacto\/","og_site_name":"Calcetines Express","article_modified_time":"2019-11-19T04:53:58+00:00","twitter_card":"summary_large_image","twitter_misc":{"Est. reading time":"2 minutes"},"schema":{"@context":"https:\/\/schema.org","@graph":[{"@type":"WebPage","@id":"https:\/\/calcetinesexpress.com\/contacto\/","url":"https:\/\/calcetinesexpress.com\/contacto\/","name":"Contacto - Calcetines Express","isPartOf":{"@id":"https:\/\/calcetinesexpress.com\/#website"},"datePublished":"2014-09-13T10:01:52+00:00","dateModified":"2019-11-19T04:53:58+00:00","breadcrumb":{"@id":"https:\/\/calcetinesexpress.com\/contacto\/#breadcrumb"},"inLanguage":"en-US","potentialAction":[{"@type":"ReadAction","target":["https:\/\/calcetinesexpress.com\/contacto\/"]}]},{"@type":"BreadcrumbList","@id":"https:\/\/calcetinesexpress.com\/contacto\/#breadcrumb","itemListElement":[{"@type":"ListItem","position":1,"name":"Home","item":"https:\/\/calcetinesexpress.com\/"},{"@type":"ListItem","position":2,"name":"Contacto"}]},{"@type":"WebSite","@id":"https:\/\/calcetinesexpress.com\/#website","url":"https:\/\/calcetinesexpress.com\/","name":"Calcetines Express","description":"Dise\u00f1o y producci\u00f3n de calcetines","publisher":{"@id":"https:\/\/calcetinesexpress.com\/#organization"},"potentialAction":[{"@type":"SearchAction","target":{"@type":"EntryPoint","urlTemplate":"https:\/\/calcetinesexpress.com\/?s={search_term_string}"},"query-input":{"@type":"PropertyValueSpecification","valueRequired":true,"valueName":"search_term_string"}}],"inLanguage":"en-US"},{"@type":"Organization","@id":"https:\/\/calcetinesexpress.com\/#organization","name":"Calcetines Express","url":"https:\/\/calcetinesexpress.com\/","logo":{"@type":"ImageObject","inLanguage":"en-US","@id":"https:\/\/calcetinesexpress.com\/#\/schema\/logo\/image\/","url":"https:\/\/calcetinesexpress.com\/wp-content\/uploads\/2022\/01\/logo-2.png","contentUrl":"https:\/\/calcetinesexpress.com\/wp-content\/uploads\/2022\/01\/logo-2.png","width":109,"height":122,"caption":"Calcetines Express"},"image":{"@id":"https:\/\/calcetinesexpress.com\/#\/schema\/logo\/image\/"},"sameAs":["https:\/\/www.instagram.com\/calcetines_express\/"]}]}},"_links":{"self":[{"href":"https:\/\/calcetinesexpress.com\/en\/wp-json\/wp\/v2\/pages\/21"}],"collection":[{"href":"https:\/\/calcetinesexpress.com\/en\/wp-json\/wp\/v2\/pages"}],"about":[{"href":"https:\/\/calcetinesexpress.com\/en\/wp-json\/wp\/v2\/types\/page"}],"author":[{"embeddable":true,"href":"https:\/\/calcetinesexpress.com\/en\/wp-json\/wp\/v2\/users\/1"}],"replies":[{"embeddable":true,"href":"https:\/\/calcetinesexpress.com\/en\/wp-json\/wp\/v2\/comments?post=21"}],"version-history":[{"count":44,"href":"https:\/\/calcetinesexpress.com\/en\/wp-json\/wp\/v2\/pages\/21\/revisions"}],"predecessor-version":[{"id":5775,"href":"https:\/\/calcetinesexpress.com\/en\/wp-json\/wp\/v2\/pages\/21\/revisions\/5775"}],"wp:attachment":[{"href":"https:\/\/calcetinesexpress.com\/en\/wp-json\/wp\/v2\/media?parent=21"}],"curies":[{"name":"wp","href":"https:\/\/api.w.org\/{rel}","templated":true}]}}